{"id":5146,"date":"2023-12-26T11:01:34","date_gmt":"2023-12-26T11:01:34","guid":{"rendered":"https:\/\/www.gianferre.com\/urunler\/kadin-hakiki-deri-ceket-3\/"},"modified":"2024-01-02T21:08:33","modified_gmt":"2024-01-02T21:08:33","slug":"kadin-hakiki-deri-ceket-3","status":"publish","type":"product","link":"https:\/\/www.gianferre.com\/ru\/urunler\/kadin-hakiki-deri-ceket-3\/","title":{"rendered":"KADIN HAK\u0130K\u0130 DER\u0130 CEKET"},"content":{"rendered":"<p>%100 kuzu derisidir, fermuar kapamad\u0131r, rahat kal\u0131pt\u0131r,\u00e7ift tarafl\u0131 giyilebilmektedir,rex kap\u00fc\u015fon mevcuttur<\/p>\n","protected":false},"excerpt":{"rendered":"<p>%100 kuzu derisidir, fermuar kapamad\u0131r, rahat kal\u0131pt\u0131r,\u00e7ift tarafl\u0131 giyilebilmektedir,rex kap\u00fc\u015fon mevcuttur<\/p>\n","protected":false},"featured_media":5237,"comment_status":"open","ping_status":"closed","template":"","meta":[],"product_brand":[],"product_cat":[15],"product_tag":[],"class_list":{"0":"post-5146","1":"product","2":"type-product","3":"status-publish","4":"has-post-thumbnail","6":"product_cat-genel","7":"pa_beden-s","8":"pa_beden-m","9":"pa_beden-l","10":"pa_beden-xl","11":"pa_beden-xxl","12":"pa_renk-bordo","14":"first","15":"instock","16":"sale","17":"taxable","18":"shipping-taxable","19":"purchasable","20":"product-type-variable"},"_links":{"self":[{"href":"https:\/\/www.gianferre.com\/ru\/wp-json\/wp\/v2\/product\/5146","targetHints":{"allow":["GET"]}}],"collection":[{"href":"https:\/\/www.gianferre.com\/ru\/wp-json\/wp\/v2\/product"}],"about":[{"href":"https:\/\/www.gianferre.com\/ru\/wp-json\/wp\/v2\/types\/product"}],"replies":[{"embeddable":true,"href":"https:\/\/www.gianferre.com\/ru\/wp-json\/wp\/v2\/comments?post=5146"}],"wp:featuredmedia":[{"embeddable":true,"href":"https:\/\/www.gianferre.com\/ru\/wp-json\/wp\/v2\/media\/5237"}],"wp:attachment":[{"href":"https:\/\/www.gianferre.com\/ru\/wp-json\/wp\/v2\/media?parent=5146"}],"wp:term":[{"taxonomy":"product_brand","embeddable":true,"href":"https:\/\/www.gianferre.com\/ru\/wp-json\/wp\/v2\/product_brand?post=5146"},{"taxonomy":"product_cat","embeddable":true,"href":"https:\/\/www.gianferre.com\/ru\/wp-json\/wp\/v2\/product_cat?post=5146"},{"taxonomy":"product_tag","embeddable":true,"href":"https:\/\/www.gianferre.com\/ru\/wp-json\/wp\/v2\/product_tag?post=5146"}],"curies":[{"name":"wp","href":"https:\/\/api.w.org\/{rel}","templated":true}]}}